{"id":633,"date":"2015-05-01T09:36:26","date_gmt":"2015-05-01T13:36:26","guid":{"rendered":"http:\/\/www.isa-creations.fr\/?page_id=633"},"modified":"2015-05-01T09:50:34","modified_gmt":"2015-05-01T13:50:34","slug":"ou-nous-trouver","status":"publish","type":"page","link":"http:\/\/www.isa-creations.fr\/?page_id=633","title":{"rendered":"OU NOUS TROUVER"},"content":{"rendered":"<p>Vous pouvez retrouver nos produits dans les boutiques suivantes:<\/p>\n<p><em>L&rsquo;atelier de <a href=\"https:\/\/www.facebook.com\/latelierdegenipa?fref=ts\" target=\"_blank\">G\u00e9nipa <\/a>(Habitation GENIPA- Ducos)<\/em><br \/>\n<em>La boutique du<a href=\"http:\/\/www.clubmed.fr\/cm\/sejour-les-boucaniers-martinique_p-133-l-FR-v-BUCC-ac-vh.html?CMCID=10155070203FR_fr\" target=\"_blank\"> club Med Les Boucaniers<\/a> \u00e0 Sainte Anne<\/em><br \/>\n<em>La boutique de<a href=\"http:\/\/www.hotel-bakoua.fr\/\" target=\"_blank\"> l\u2019h\u00f4tel Bakoua <\/a> (pointe du bout &#8211; trois \u00eelets)<\/em><br \/>\n<em>La boutique de la distillerie <a href=\"http:\/\/www.depaz.fr\/\" target=\"_blank\">Depaz <\/a>(Plantation de la Montagne pel\u00e9e \u00e0 Saint Pierre)<\/em><br \/>\n<em>La boutique <a href=\"https:\/\/www.facebook.com\/joyauxpatrimoine?fref=photo\" target=\"_blank\">joyaux du patrimoine<\/a> \u00e0 Saint Pierre<\/em><\/p>\n<p style=\"text-align: center;\">\u00a0<a href=\"http:\/\/www.isa-creations.fr\/wp-content\/uploads\/2015\/05\/isabelle-creation_195_sac-broderie-couture-martinique.jpg\"><img loading=\"lazy\" class=\"aligncenter size-medium wp-image-640\" src=\"http:\/\/www.isa-creations.fr\/wp-content\/uploads\/2015\/05\/isabelle-creation_195_sac-broderie-couture-martinique-800x533.jpg\" alt=\"isabelle-creation_195_sac-broderie-couture-martinique\" width=\"800\" height=\"533\" srcset=\"http:\/\/www.isa-creations.fr\/wp-content\/uploads\/2015\/05\/isabelle-creation_195_sac-broderie-couture-martinique-800x533.jpg 800w, http:\/\/www.isa-creations.fr\/wp-content\/uploads\/2015\/05\/isabelle-creation_195_sac-broderie-couture-martinique-1024x683.jpg 1024w, http:\/\/www.isa-creations.fr\/wp-content\/uploads\/2015\/05\/isabelle-creation_195_sac-broderie-couture-martinique-600x400.jpg 600w, http:\/\/www.isa-creations.fr\/wp-content\/uploads\/2015\/05\/isabelle-creation_195_sac-broderie-couture-martinique.jpg 1500w\" sizes=\"(max-width: 800px) 100vw, 800px\" \/><\/a><\/p>\n","protected":false},"excerpt":{"rendered":"<p>Vous pouvez retrouver nos produits dans les boutiques suivantes: L&rsquo;atelier de G\u00e9nipa (Habitation GENIPA- Ducos) La boutique du club Med Les Boucaniers \u00e0 Sainte Anne La boutique de l\u2019h\u00f4tel Bakoua (pointe du bout &#8211; trois \u00eelets) La boutique de la distillerie Depaz (Plantation de la Montagne pel\u00e9e \u00e0 Saint Pierre) La boutique joyaux du patrimoine &hellip; <a href=\"http:\/\/www.isa-creations.fr\/?page_id=633\" class=\"more-link\">Continuer la lecture de <span class=\"screen-reader-text\">OU NOUS TROUVER<\/span>  <span class=\"meta-nav\">&rarr;<\/span><\/a><\/p>\n","protected":false},"author":2,"featured_media":0,"parent":0,"menu_order":0,"comment_status":"closed","ping_status":"closed","template":"","meta":[],"_links":{"self":[{"href":"http:\/\/www.isa-creations.fr\/index.php?rest_route=\/wp\/v2\/pages\/633"}],"collection":[{"href":"http:\/\/www.isa-creations.fr\/index.php?rest_route=\/wp\/v2\/pages"}],"about":[{"href":"http:\/\/www.isa-creations.fr\/index.php?rest_route=\/wp\/v2\/types\/page"}],"author":[{"embeddable":true,"href":"http:\/\/www.isa-creations.fr\/index.php?rest_route=\/wp\/v2\/users\/2"}],"replies":[{"embeddable":true,"href":"http:\/\/www.isa-creations.fr\/index.php?rest_route=%2Fwp%2Fv2%2Fcomments&post=633"}],"version-history":[{"count":5,"href":"http:\/\/www.isa-creations.fr\/index.php?rest_route=\/wp\/v2\/pages\/633\/revisions"}],"predecessor-version":[{"id":642,"href":"http:\/\/www.isa-creations.fr\/index.php?rest_route=\/wp\/v2\/pages\/633\/revisions\/642"}],"wp:attachment":[{"href":"http:\/\/www.isa-creations.fr\/index.php?rest_route=%2Fwp%2Fv2%2Fmedia&parent=633"}],"curies":[{"name":"wp","href":"https:\/\/api.w.org\/{rel}","templated":true}]}}