{"id":709,"date":"2015-05-03T03:48:31","date_gmt":"2015-05-03T07:48:31","guid":{"rendered":"http:\/\/www.isa-creations.fr\/?page_id=709"},"modified":"2015-10-11T13:57:36","modified_gmt":"2015-10-11T17:57:36","slug":"greenblade","status":"publish","type":"page","link":"http:\/\/www.isa-creations.fr\/?page_id=709","title":{"rendered":"Greenblade &#8211; Fibre de Bananiers"},"content":{"rendered":"<p><span style=\"color: #339966;\"><strong>GREEN BLADE LE NOUVEAU PLACAGE ETHIQUE ET EXOTIQUE DE LA CARAIBE FRANCAISES<\/strong><\/span><\/p>\n<p><span style=\"color: #993300;\"><strong>Qu\u2019est-ce que le Green Blade ?<\/strong><\/span><\/p>\n<ul class=\"ul\">\n<li><span style=\"color: #993300;\">le Green Blade\u00a0 c&rsquo;est de la fibre de bananiers<\/span><\/li>\n<li><span style=\"color: #993300;\">C&rsquo;est un nouveau placage exotique fabriqu\u00e9 avec des troncs de bananiers.<\/span><\/li>\n<li><span style=\"color: #993300;\">Une alternative \u00e9co responsable au bois, Green Blade est propos\u00e9 en grand format (1250 mm x 2500 mm)<\/span><\/li>\n<\/ul>\n<p><span style=\"color: #993300;\"><strong>Pourquoi utiliser le tronc de bananier ?<\/strong><\/span><\/p>\n<ul class=\"ul\">\n<li><span style=\"color: #993300;\">Pour cr\u00e9er une nouvelle \u2018essence\u2019 \u00e9l\u00e9gante et organique pour le monde du design.<\/span><\/li>\n<li><span style=\"color: #993300;\">Parce que c\u2019est une herbe g\u00e9ante et non un arbre \u2013 moins de d\u00e9forestation. Les bananiers sont rapidement renouvelables, ils repoussent tous les 9 mois.<\/span><\/li>\n<\/ul>\n<p><span style=\"color: #993300;\"><strong>La production de Green Blade :<\/strong><\/span><\/p>\n<ul class=\"ul\">\n<li><span style=\"color: #993300;\">Auparavant apr\u00e8s la r\u00e9colte du r\u00e9gime de bananes, le tronc se d\u00e9composait. Dor\u00e9navant apr\u00e8s avoir donn\u00e9 leurs r\u00e9gimes, les troncs des bananiers sont r\u00e9colt\u00e9s \u00e0 la main et achet\u00e9s aux planteurs.<\/span><\/li>\n<li><span style=\"color: #993300;\">La production de Green Blade ne n\u00e9cessite ni eau ni colle.<\/span><\/li>\n<li><span style=\"color: #993300;\">L\u2019usine FIBandCO produit toute l\u2019\u00e9lectricit\u00e9 qu\u2019elle consomme pour produire Green Blade via des panneaux photovolta\u00efques.<\/span><\/li>\n<\/ul>\n<p><span style=\"color: #993300;\">Cr\u00e9\u00e9 pour les architectes et designers, Green Blade sublime vos cr\u00e9ations et vous permet de faire la diff\u00e9rence. Exclusif, \u00e9l\u00e9gant, et durable, Green Blade propose le tout sans compromis.<\/span><\/p>\n","protected":false},"excerpt":{"rendered":"<p>GREEN BLADE LE NOUVEAU PLACAGE ETHIQUE ET EXOTIQUE DE LA CARAIBE FRANCAISES Qu\u2019est-ce que le Green Blade ? le Green Blade\u00a0 c&rsquo;est de la fibre de bananiers C&rsquo;est un nouveau placage exotique fabriqu\u00e9 avec des troncs de bananiers. Une alternative \u00e9co responsable au bois, Green Blade est propos\u00e9 en grand format (1250 mm x 2500 &hellip; <a href=\"http:\/\/www.isa-creations.fr\/?page_id=709\" class=\"more-link\">Continuer la lecture de <span class=\"screen-reader-text\">Greenblade &#8211; Fibre de Bananiers<\/span>  <span class=\"meta-nav\">&rarr;<\/span><\/a><\/p>\n","protected":false},"author":2,"featured_media":712,"parent":0,"menu_order":0,"comment_status":"closed","ping_status":"closed","template":"","meta":[],"_links":{"self":[{"href":"http:\/\/www.isa-creations.fr\/index.php?rest_route=\/wp\/v2\/pages\/709"}],"collection":[{"href":"http:\/\/www.isa-creations.fr\/index.php?rest_route=\/wp\/v2\/pages"}],"about":[{"href":"http:\/\/www.isa-creations.fr\/index.php?rest_route=\/wp\/v2\/types\/page"}],"author":[{"embeddable":true,"href":"http:\/\/www.isa-creations.fr\/index.php?rest_route=\/wp\/v2\/users\/2"}],"replies":[{"embeddable":true,"href":"http:\/\/www.isa-creations.fr\/index.php?rest_route=%2Fwp%2Fv2%2Fcomments&post=709"}],"version-history":[{"count":2,"href":"http:\/\/www.isa-creations.fr\/index.php?rest_route=\/wp\/v2\/pages\/709\/revisions"}],"predecessor-version":[{"id":862,"href":"http:\/\/www.isa-creations.fr\/index.php?rest_route=\/wp\/v2\/pages\/709\/revisions\/862"}],"wp:featuredmedia":[{"embeddable":true,"href":"http:\/\/www.isa-creations.fr\/index.php?rest_route=\/wp\/v2\/media\/712"}],"wp:attachment":[{"href":"http:\/\/www.isa-creations.fr\/index.php?rest_route=%2Fwp%2Fv2%2Fmedia&parent=709"}],"curies":[{"name":"wp","href":"https:\/\/api.w.org\/{rel}","templated":true}]}}