{"id":98,"date":"2014-06-08T09:58:08","date_gmt":"2014-06-08T13:58:08","guid":{"rendered":"http:\/\/www.isa-creations.fr\/wordpress\/?page_id=98"},"modified":"2015-09-19T15:57:22","modified_gmt":"2015-09-19T19:57:22","slug":"les-retouches","status":"publish","type":"page","link":"http:\/\/www.isa-creations.fr\/?page_id=98","title":{"rendered":"Les Retouches"},"content":{"rendered":"<h3>NOS ATOUTS<\/h3>\n<ul>\n<li><em><span style=\"color: #333399;\">Des retouches de qualit\u00e9 professionnelle dans les d\u00e9lais \u00e0 petit tarif<\/span><\/em><\/li>\n<li><em><span style=\"color: #333399;\">La possibilit\u00e9 de vous faire livrer les retouches \u00e0 domicile (Proximit\u00e9 Fort de France , Le Lamentin, Ducos)<\/span><\/em><\/li>\n<\/ul>\n<p><em>Tarif au 01\/06\/2014<\/em><\/p>\n<div id=\"output\">\n<table border=\"0\" cellspacing=\"0\" cellpadding=\"2\">\n<tbody>\n<tr>\n<td align=\"left\" width=\"valign=middle\">PANTALON<\/td>\n<td align=\"left\" width=\"valign=middle\">Ourlet main<\/td>\n<td align=\"left\" width=\"valign=middle\">13.00\u20ac<\/td>\n<\/tr>\n<tr>\n<td align=\"left\" width=\"valign=middle\">PANTALON<\/td>\n<td align=\"left\" width=\"valign=middle\">Ourlet machine<\/td>\n<td align=\"left\" width=\"valign=middle\">11.00 \u20ac<\/td>\n<\/tr>\n<tr>\n<td align=\"left\" width=\"valign=middle\">PANTALON<\/td>\n<td align=\"left\" width=\"valign=middle\">Ourlet fente<\/td>\n<td align=\"left\" width=\"valign=middle\">13.00 \u20ac<\/td>\n<\/tr>\n<tr>\n<td align=\"left\" width=\"valign=middle\">PANTALON<\/td>\n<td align=\"left\" width=\"valign=middle\">Ourlet revers<\/td>\n<td align=\"left\" width=\"valign=middle\">14.00 \u20ac<\/td>\n<\/tr>\n<tr>\n<td align=\"left\" width=\"valign=middle\">PANTALON<\/td>\n<td align=\"left\" width=\"valign=middle\">Taille<\/td>\n<td align=\"left\" width=\"valign=middle\">20.00 \u20ac<\/td>\n<\/tr>\n<tr>\n<td align=\"left\" width=\"valign=middle\">PANTALON<\/td>\n<td align=\"left\" width=\"valign=middle\">C\u00f4t\u00e9s simples<\/td>\n<td align=\"left\" width=\"valign=middle\">16.00 \u20ac<\/td>\n<\/tr>\n<tr>\n<td align=\"left\" width=\"valign=middle\">PANTALON<\/td>\n<td align=\"left\" width=\"valign=middle\">Tailles+c\u00f4t\u00e9s+fermeture \u00e9clair<\/td>\n<td align=\"left\" width=\"valign=middle\">22.00 \u20ac<\/td>\n<\/tr>\n<tr>\n<td align=\"left\" width=\"valign=middle\">PANTALON<\/td>\n<td align=\"left\" width=\"valign=middle\">Taille+fond<\/td>\n<td align=\"left\" width=\"valign=middle\">22.00 \u20ac<\/td>\n<\/tr>\n<tr>\n<td align=\"left\" width=\"valign=middle\">PANTALON<\/td>\n<td align=\"left\" width=\"valign=middle\">Entrejambe<\/td>\n<td align=\"left\" width=\"valign=middle\">12.00 \u20ac<\/td>\n<\/tr>\n<tr>\n<td align=\"left\" width=\"valign=middle\">PANTALON<\/td>\n<td align=\"left\" width=\"valign=middle\">C\u00f4t\u00e9s+fermeture \u00e9clair<\/td>\n<td align=\"left\" width=\"valign=middle\">18.00 \u20ac<\/td>\n<\/tr>\n<tr>\n<td align=\"left\" width=\"valign=middle\">PANTALON<\/td>\n<td align=\"left\" width=\"valign=middle\">Fermeture \u00e9clair<\/td>\n<td align=\"left\" width=\"valign=middle\">18.00 \u20ac<\/td>\n<\/tr>\n<tr>\n<td align=\"left\" width=\"valign=middle\">PANTALON<\/td>\n<td align=\"left\" width=\"valign=middle\">Fermeture \u00e9clair jean<\/td>\n<td align=\"left\" width=\"valign=middle\">20.00 \u20ac<\/td>\n<\/tr>\n<tr>\n<td align=\"left\" width=\"valign=middle\">PANTALON<\/td>\n<td align=\"left\" width=\"valign=middle\">Accros niveau genou(petit)<\/td>\n<td align=\"left\" width=\"valign=middle\">5.00 \u20ac<\/td>\n<\/tr>\n<tr>\n<td align=\"left\" width=\"valign=middle\">PANTALON<\/td>\n<td align=\"left\" width=\"valign=middle\">Changer \u00e9lastique taille<\/td>\n<td align=\"left\" width=\"valign=middle\">7.00 \u20ac<\/td>\n<\/tr>\n<tr>\n<td align=\"left\" width=\"valign=middle\">PANTALON<\/td>\n<td align=\"left\" width=\"valign=middle\">Couture entrejambe<\/td>\n<td align=\"left\" width=\"valign=middle\">8.00 \u20ac<\/td>\n<\/tr>\n<tr>\n<td align=\"left\" width=\"valign=middle\">ROBE<\/td>\n<td align=\"left\" width=\"valign=middle\">Couture milieu dos avec fermeture<\/td>\n<td align=\"left\" width=\"valign=middle\">18.00 \u20ac<\/td>\n<\/tr>\n<tr>\n<td align=\"left\" width=\"valign=middle\">ROBE<\/td>\n<td align=\"left\" width=\"valign=middle\">Couture milieu dos<\/td>\n<td align=\"left\" width=\"valign=middle\">14.00 \u20ac<\/td>\n<\/tr>\n<tr>\n<td align=\"left\" width=\"valign=middle\">ROBE<\/td>\n<td align=\"left\" width=\"valign=middle\">Ourlet piqu\u00e9<\/td>\n<td align=\"left\" width=\"valign=middle\">13.00 \u20ac<\/td>\n<\/tr>\n<tr>\n<td align=\"left\" width=\"valign=middle\">ROBE<\/td>\n<td align=\"left\" width=\"valign=middle\">Ourlet main<\/td>\n<td align=\"left\" width=\"valign=middle\">16.00 \u20ac<\/td>\n<\/tr>\n<tr>\n<td align=\"left\" width=\"valign=middle\">ROBE<\/td>\n<td align=\"left\" width=\"valign=middle\">C\u00f4t\u00e9s simples<\/td>\n<td align=\"left\" width=\"valign=middle\">15.00 \u20ac<\/td>\n<\/tr>\n<tr>\n<td align=\"left\" width=\"valign=middle\">ROBE<\/td>\n<td align=\"left\" width=\"valign=middle\">C\u00f4t\u00e9s emmanchures<\/td>\n<td align=\"left\" width=\"valign=middle\">16.00 \u20ac<\/td>\n<\/tr>\n<tr>\n<td align=\"left\" width=\"valign=middle\">ROBE<\/td>\n<td align=\"left\" width=\"valign=middle\">C\u00f4t\u00e9s + pinces<\/td>\n<td align=\"left\" width=\"valign=middle\">18.00 \u20ac<\/td>\n<\/tr>\n<tr>\n<td align=\"left\" width=\"valign=middle\">ROBE<\/td>\n<td align=\"left\" width=\"valign=middle\">Bas de manches simple<\/td>\n<td align=\"left\" width=\"valign=middle\">10.00 \u20ac<\/td>\n<\/tr>\n<tr>\n<td align=\"left\" width=\"valign=middle\">ROBE<\/td>\n<td align=\"left\" width=\"valign=middle\">Bretelles<\/td>\n<td align=\"left\" width=\"valign=middle\">8.00 \u20ac<\/td>\n<\/tr>\n<tr>\n<td align=\"left\" width=\"valign=middle\">ROBE<\/td>\n<td align=\"left\" width=\"valign=middle\">Fermeture \u00e9clair invisible<\/td>\n<td align=\"left\" width=\"valign=middle\">16.00 \u20ac<\/td>\n<\/tr>\n<tr>\n<td align=\"left\" width=\"valign=middle\">ROBE<\/td>\n<td align=\"left\" width=\"valign=middle\">Fermeture \u00e9clair<\/td>\n<td align=\"left\" width=\"valign=middle\">16.00 \u20ac<\/td>\n<\/tr>\n<tr>\n<td align=\"left\" width=\"valign=middle\">ROBE<\/td>\n<td align=\"left\" width=\"valign=middle\">Ourlet avec ampleur<\/td>\n<td align=\"left\" width=\"valign=middle\">15.00 \u20ac<\/td>\n<\/tr>\n<tr>\n<td align=\"left\" width=\"valign=middle\">ROBE<\/td>\n<td align=\"left\" width=\"valign=middle\">Remettre \u00e9lastique sur chemisier<\/td>\n<td align=\"left\" width=\"valign=middle\">12.00 \u20ac<\/td>\n<\/tr>\n<tr>\n<td align=\"left\" width=\"valign=middle\">VESTE<\/td>\n<td align=\"left\" width=\"valign=middle\">Bas de manches<\/td>\n<td align=\"left\" width=\"valign=middle\">16.00 \u20ac<\/td>\n<\/tr>\n<tr>\n<td align=\"left\" width=\"valign=middle\">VESTE<\/td>\n<td align=\"left\" width=\"valign=middle\">Ourlet de veste<\/td>\n<td align=\"left\" width=\"valign=middle\">19.00 \u20ac<\/td>\n<\/tr>\n<tr>\n<td align=\"left\" width=\"valign=middle\">VESTE<\/td>\n<td align=\"left\" width=\"valign=middle\">Diminuer largeur d\u2019\u00e9paule<\/td>\n<td align=\"left\" width=\"valign=middle\">26.00 \u20ac<\/td>\n<\/tr>\n<tr>\n<td align=\"left\" width=\"valign=middle\">VESTE<\/td>\n<td align=\"left\" width=\"valign=middle\">Milieu dos simple<\/td>\n<td align=\"left\" width=\"valign=middle\">12.00 \u20ac<\/td>\n<\/tr>\n<tr>\n<td align=\"left\" width=\"valign=middle\">VESTE<\/td>\n<td align=\"left\" width=\"valign=middle\">C\u00f4t\u00e9s o\u00f9 pinces dos<\/td>\n<td align=\"left\" width=\"valign=middle\">14.00 \u20ac<\/td>\n<\/tr>\n<tr>\n<td align=\"left\" width=\"valign=middle\">VESTE<\/td>\n<td align=\"left\" width=\"valign=middle\">C\u00f4t\u00e9s avec reprise emmanchures<\/td>\n<td align=\"left\" width=\"valign=middle\">20.00 \u20ac<\/td>\n<\/tr>\n<tr>\n<td align=\"left\" width=\"valign=middle\">VESTE<\/td>\n<td align=\"left\" width=\"valign=middle\">C\u00f4t\u00e9s + pinces<\/td>\n<td align=\"left\" width=\"valign=middle\">22.00 \u20ac<\/td>\n<\/tr>\n<tr>\n<td align=\"left\" width=\"valign=middle\">VESTE<\/td>\n<td align=\"left\" width=\"valign=middle\">Bouton l\u2019unit\u00e9<\/td>\n<td align=\"left\" width=\"valign=middle\">1.00 \u20ac<\/td>\n<\/tr>\n<tr>\n<td align=\"left\" width=\"valign=middle\">VESTE<\/td>\n<td align=\"left\" width=\"valign=middle\">Bas de manches avec revers<\/td>\n<td align=\"left\" width=\"valign=middle\">19.00 \u20ac<\/td>\n<\/tr>\n<tr>\n<td align=\"left\" width=\"valign=middle\">VESTE<\/td>\n<td align=\"left\" width=\"valign=middle\">Boutonni\u00e8re l\u2019unit\u00e9<\/td>\n<td align=\"left\" width=\"valign=middle\">2.50 \u20ac<\/td>\n<\/tr>\n<tr>\n<td align=\"left\" width=\"valign=middle\">jupe<\/td>\n<td align=\"left\" width=\"valign=middle\">Ourlet piqu\u00e9<\/td>\n<td align=\"left\" width=\"valign=middle\">14.00 \u20ac<\/td>\n<\/tr>\n<tr>\n<td align=\"left\" width=\"valign=middle\">jupe<\/td>\n<td align=\"left\" width=\"valign=middle\">C\u00f4t\u00e9s<\/td>\n<td align=\"left\" width=\"valign=middle\">15.00 \u20ac<\/td>\n<\/tr>\n<tr>\n<td align=\"left\" width=\"valign=middle\">jupe<\/td>\n<td align=\"left\" width=\"valign=middle\">Taille<\/td>\n<td align=\"left\" width=\"valign=middle\">14.00 \u20ac<\/td>\n<\/tr>\n<tr>\n<td align=\"left\" width=\"valign=middle\">jupe<\/td>\n<td align=\"left\" width=\"valign=middle\">Taille + c\u00f4t\u00e9s<\/td>\n<td align=\"left\" width=\"valign=middle\">18.00 \u20ac<\/td>\n<\/tr>\n<tr>\n<td align=\"left\" width=\"valign=middle\">jupe<\/td>\n<td align=\"left\" width=\"valign=middle\">Faire doublure<\/td>\n<td align=\"left\" width=\"valign=middle\">22.00 \u20ac<\/td>\n<\/tr>\n<tr>\n<td align=\"left\" width=\"valign=middle\">jupe<\/td>\n<td align=\"left\" width=\"valign=middle\">Fente<\/td>\n<td align=\"left\" width=\"valign=middle\">9.00 \u20ac<\/td>\n<\/tr>\n<tr>\n<td align=\"left\" width=\"valign=middle\">jupe<\/td>\n<td align=\"left\" width=\"valign=middle\">Cot\u00e9 jupe avec fermeture<\/td>\n<td align=\"left\" width=\"valign=middle\">18.00 \u20ac<\/td>\n<\/tr>\n<tr>\n<td align=\"left\" width=\"valign=middle\">jupe<\/td>\n<td align=\"left\" width=\"valign=middle\">Ourlet jupe en forme<\/td>\n<td align=\"left\" width=\"valign=middle\">15.00 \u20ac<\/td>\n<\/tr>\n<tr>\n<td align=\"left\" width=\"valign=middle\">jupe<\/td>\n<td align=\"left\" width=\"valign=middle\">Fermeture \u00e9clair<\/td>\n<td align=\"left\" width=\"valign=middle\">18.00 \u20ac<\/td>\n<\/tr>\n<\/tbody>\n<\/table>\n<\/div>\n<p>&nbsp;<\/p>\n<table border=\"0\" cellspacing=\"0\" cellpadding=\"0\">\n<tbody>\n<tr>\n<td><\/td>\n<\/tr>\n<\/tbody>\n<\/table>\n","protected":false},"excerpt":{"rendered":"<p>NOS ATOUTS Des retouches de qualit\u00e9 professionnelle dans les d\u00e9lais \u00e0 petit tarif La possibilit\u00e9 de vous faire livrer les retouches \u00e0 domicile (Proximit\u00e9 Fort de France , Le Lamentin, Ducos) Tarif au 01\/06\/2014 PANTALON Ourlet main 13.00\u20ac PANTALON Ourlet machine 11.00 \u20ac PANTALON Ourlet fente 13.00 \u20ac PANTALON Ourlet revers 14.00 \u20ac PANTALON Taille &hellip; <a href=\"http:\/\/www.isa-creations.fr\/?page_id=98\" class=\"more-link\">Continuer la lecture de <span class=\"screen-reader-text\">Les Retouches<\/span>  <span class=\"meta-nav\">&rarr;<\/span><\/a><\/p>\n","protected":false},"author":2,"featured_media":0,"parent":0,"menu_order":0,"comment_status":"closed","ping_status":"closed","template":"","meta":[],"_links":{"self":[{"href":"http:\/\/www.isa-creations.fr\/index.php?rest_route=\/wp\/v2\/pages\/98"}],"collection":[{"href":"http:\/\/www.isa-creations.fr\/index.php?rest_route=\/wp\/v2\/pages"}],"about":[{"href":"http:\/\/www.isa-creations.fr\/index.php?rest_route=\/wp\/v2\/types\/page"}],"author":[{"embeddable":true,"href":"http:\/\/www.isa-creations.fr\/index.php?rest_route=\/wp\/v2\/users\/2"}],"replies":[{"embeddable":true,"href":"http:\/\/www.isa-creations.fr\/index.php?rest_route=%2Fwp%2Fv2%2Fcomments&post=98"}],"version-history":[{"count":3,"href":"http:\/\/www.isa-creations.fr\/index.php?rest_route=\/wp\/v2\/pages\/98\/revisions"}],"predecessor-version":[{"id":781,"href":"http:\/\/www.isa-creations.fr\/index.php?rest_route=\/wp\/v2\/pages\/98\/revisions\/781"}],"wp:attachment":[{"href":"http:\/\/www.isa-creations.fr\/index.php?rest_route=%2Fwp%2Fv2%2Fmedia&parent=98"}],"curies":[{"name":"wp","href":"https:\/\/api.w.org\/{rel}","templated":true}]}}